{"id":1330,"date":"2024-08-19T21:41:03","date_gmt":"2024-08-19T21:41:03","guid":{"rendered":"https:\/\/integralesmura.cl\/sim2024\/?page_id=1330"},"modified":"2024-08-19T23:33:51","modified_gmt":"2024-08-19T23:33:51","slug":"home","status":"publish","type":"page","link":"https:\/\/integralesmura.cl\/sim2024\/","title":{"rendered":"Home"},"content":{"rendered":"\t\t<div data-elementor-type=\"wp-page\" data-elementor-id=\"1330\" class=\"elementor elementor-1330\">\n\t\t\t\t<div class=\"elementor-element elementor-element-6b0652bb e-flex e-con-boxed e-con e-parent\" data-id=\"6b0652bb\" data-element_type=\"container\" data-e-type=\"container\">\n\t\t\t\t\t<div class=\"e-con-inner\">\n\t\t\t\t<div class=\"elementor-element elementor-element-3f1466ff elementor-widget elementor-widget-text-editor\" data-id=\"3f1466ff\" data-element_type=\"widget\" data-e-type=\"widget\" data-widget_type=\"text-editor.default\">\n\t\t\t\t<div class=\"elementor-widget-container\">\n\t\t\t\t\t\t\t\t\t\n<div class=\"wp-block-uagb-container uagb-block-dba5be5a alignfull uagb-is-root-container\">\n<div class=\"uagb-container-inner-blocks-wrap\">\n<div class=\"wp-block-uagb-info-box uagb-block-7350c7ea uagb-infobox__content-wrap  uagb-infobox-icon-above-title uagb-infobox-image-valign-top wp-block-uagb-info-box--has-margin\">\n<div class=\"uagb-infobox-margin-wrapper\">\n<div class=\"uagb-ifb-content\">\n<div class=\"uagb-ifb-title-wrap\">\n<p class=\"uagb-ifb-title-prefix\">Construimos tu futuro<\/p>\n<h1 class=\"uagb-ifb-title\">Servicios Profesionales de Construcci\u00f3n en el Norte de Chile<\/h1>\n<\/div>\n<div class=\"uagb-ifb-button-wrapper wp-block-button\"><a class=\"uagb-infobox-cta-link wp-block-button__link\" href=\"contact\/\" target=\"_self\" rel=\"noopener noreferrer\"><span class=\"uagb-inline-editing\">Comenzar Ahora<\/span><\/a><\/div>\n<\/div>\n<\/div>\n<\/div>\n\n<div class=\"wp-block-uagb-image aligncenter uagb-block-d66805a2 wp-block-uagb-image--layout-default wp-block-uagb-image--effect-static wp-block-uagb-image--align-center\">\n<figure class=\"wp-block-uagb-image__figure\"><img fetchpriority=\"high\" decoding=\"async\" class=\"uag-image-12\" title=\"\" role=\"img\" src=\"https:\/\/integralesmura.cl\/sim2024\/wp-content\/uploads\/2024\/08\/black-white-scene-showcasing-life-construction-workers-site-scaled.jpg\" sizes=\"(max-width: 480px) 150px\" srcset=\"https:\/\/integralesmura.cl\/sim2024\/wp-content\/uploads\/2024\/08\/black-white-scene-showcasing-life-construction-workers-site-scaled.jpg ,https:\/\/multipurpose8.ziptemplates.top\/wp-content\/uploads\/2023\/08\/hero-1024x461.jpg 780w, https:\/\/integralesmura.cl\/sim2024\/wp-content\/uploads\/2024\/08\/black-white-scene-showcasing-life-construction-workers-site-scaled.jpg 360w\" alt=\"\" width=\"1200\" height=\"540\" \/><\/figure>\n<\/div>\n<\/div>\n<\/div>\n\n<div class=\"wp-block-uagb-container uagb-block-0f99c3d5 alignfull uagb-is-root-container\">\n<div class=\"uagb-container-inner-blocks-wrap\">\n<div class=\"wp-block-uagb-advanced-heading uagb-block-d80d1198\">\n<div class=\"uagb-heading-text\">Nuestra Experiencia<\/div>\n<\/div>\n\n<div class=\"wp-block-uagb-advanced-heading uagb-block-6bcebb04\">\n<h2 class=\"uagb-heading-text\">Propuestas de Valor \u00danicas<\/h2>\n<\/div>\n\n<div class=\"wp-block-uagb-container uagb-block-493f6ce1\">\n<div class=\"wp-block-uagb-container uagb-block-c0da353d\">\n<div class=\"wp-block-uagb-advanced-heading uagb-block-94acea8d\">\n<div class=\"uagb-heading-text\">01.<\/div>\n<\/div>\n\n<div class=\"wp-block-uagb-advanced-heading uagb-block-cdc0f1b9\">\n<h3 class=\"uagb-heading-text\">Calidad Garantizada<\/h3>\n<p class=\"uagb-desc-text\">Nos comprometemos a ofrecer resultados de alta calidad en cada proyecto, superando las expectativas de nuestros clientes.<\/p>\n<\/div>\n<\/div>\n\n<div class=\"wp-block-uagb-container uagb-block-a44f5268\">\n<div class=\"wp-block-uagb-advanced-heading uagb-block-3acd47ef\">\n<div class=\"uagb-heading-text\">02.<\/div>\n<\/div>\n\n<div class=\"wp-block-uagb-advanced-heading uagb-block-fd65736d\">\n<h3 class=\"uagb-heading-text\">Eficiencia Comprobada<\/h3>\n<p class=\"uagb-desc-text\">Nuestro enfoque eficiente y organizado nos permite cumplir con los plazos acordados sin sacrificar la excelencia en el trabajo.<\/p>\n<\/div>\n<\/div>\n\n<div class=\"wp-block-uagb-container uagb-block-b3c03ce4\">\n<div class=\"wp-block-uagb-advanced-heading uagb-block-c5d4336e\">\n<div class=\"uagb-heading-text\">03.<\/div>\n<\/div>\n\n<div class=\"wp-block-uagb-advanced-heading uagb-block-3d3e70a3\">\n<h3 class=\"uagb-heading-text\">Atenci\u00f3n Personalizada<\/h3>\n<p class=\"uagb-desc-text\">Valoramos la comunicaci\u00f3n cercana con nuestros clientes para adaptar nuestros servicios a sus necesidades espec\u00edficas y alcanzar la satisfacci\u00f3n total.<\/p>\n<\/div>\n<\/div>\n<\/div>\n<\/div>\n<\/div>\n\n<div class=\"wp-block-uagb-container uagb-block-780a1f8e alignfull uagb-is-root-container\">\n<div class=\"uagb-container-inner-blocks-wrap\">\n<div class=\"wp-block-uagb-image alignleft uagb-block-8f1bc4f7 wp-block-uagb-image--layout-default wp-block-uagb-image--effect-static wp-block-uagb-image--align-left\">\n<figure class=\"wp-block-uagb-image__figure\"><img decoding=\"async\" class=\"uag-image-13\" title=\"\" role=\"img\" src=\"https:\/\/integralesmura.cl\/sim2024\/wp-content\/uploads\/2024\/08\/CONSTRUCCION-1.jpeg\" sizes=\"(max-width: 480px) 150px\" srcset=\"https:\/\/integralesmura.cl\/sim2024\/wp-content\/uploads\/2024\/08\/CONSTRUCCION-1.jpeg ,https:\/\/integralesmura.cl\/sim2024\/wp-content\/uploads\/2024\/08\/CONSTRUCCION-1.jpeg 780w, https:\/\/integralesmura.cl\/sim2024\/wp-content\/uploads\/2024\/08\/about-271x300-1.jpg 360w\" alt=\"\" width=\"560\" height=\"450\" \/><\/figure>\n<\/div>\n\n<div class=\"wp-block-uagb-container uagb-block-d27083e4\">\n<div class=\"wp-block-uagb-info-box uagb-block-8498e7f2 uagb-infobox__content-wrap  uagb-infobox-icon-above-title uagb-infobox-image-valign-top\">\n<div class=\"uagb-ifb-content\">\n<div class=\"uagb-ifb-title-wrap\">\n<p class=\"uagb-ifb-title-prefix\">Historia de \u00c9xito<\/p>\n<h2 class=\"uagb-ifb-title\">Nuestra Historia<\/h2>\n<\/div>\n<p class=\"uagb-ifb-desc\">Servicios Integrales Mura surgi\u00f3 de la pasi\u00f3n por la construcci\u00f3n y el compromiso con la excelencia, fundada por un equipo de expertos con una visi\u00f3n clara.<\/p>\n<div class=\"uagb-ifb-button-wrapper wp-block-button\"><a class=\"uagb-infobox-cta-link wp-block-button__link\" href=\"about-us\/\" target=\"_self\" rel=\"noopener noreferrer\"><span class=\"uagb-inline-editing\">Leer m\u00e1s<\/span><\/a><\/div>\n<\/div>\n<\/div>\n<\/div>\n<\/div>\n<\/div>\n\n<div class=\"wp-block-uagb-container uagb-block-ae412d97 alignfull uagb-is-root-container\">\n<div class=\"uagb-container-inner-blocks-wrap\">\n<div class=\"wp-block-uagb-advanced-heading uagb-block-1ab9713e\">\n<div class=\"uagb-heading-text\">Nuestros Servicios<\/div>\n<\/div>\n\n<div class=\"wp-block-uagb-advanced-heading uagb-block-986c2436\">\n<h2 class=\"uagb-heading-text\">Descubre lo que ofrecemos<\/h2>\n<p>\u00a0<\/p>\n<\/div>\n\n<div class=\"wp-block-uagb-container uagb-block-01d73708\">\n<div class=\"wp-block-uagb-container uagb-block-045c2440\"><img decoding=\"async\" class=\"alignnone size-medium wp-image-14\" src=\"https:\/\/integralesmura.cl\/sim2024\/wp-content\/uploads\/2024\/08\/logo-sim-1-300x161.png\" alt=\"\" width=\"300\" height=\"161\" srcset=\"https:\/\/integralesmura.cl\/sim2024\/wp-content\/uploads\/2024\/08\/logo-sim-1-300x161.png 300w, https:\/\/integralesmura.cl\/sim2024\/wp-content\/uploads\/2024\/08\/logo-sim-1-768x413.png 768w, https:\/\/integralesmura.cl\/sim2024\/wp-content\/uploads\/2024\/08\/logo-sim-1-186x100.png 186w, https:\/\/integralesmura.cl\/sim2024\/wp-content\/uploads\/2024\/08\/logo-sim-1.png 1008w\" sizes=\"(max-width: 300px) 100vw, 300px\" \/><br \/>\n<div class=\"wp-block-uagb-info-box uagb-block-38d12367 uagb-infobox__content-wrap  uagb-infobox-icon-above-title uagb-infobox-image-valign-top\">\n<div class=\"uagb-ifb-content\">\n<div class=\"uagb-ifb-title-wrap\">\n<h3 class=\"uagb-ifb-title\">Construcci\u00f3n<\/h3>\n<\/div>\n<\/div>\n<\/div>\n<div class=\"wp-block-uagb-info-box uagb-block-37892873 uagb-infobox__content-wrap  uagb-infobox-icon-above-title uagb-infobox-image-valign-top\">\n<div class=\"uagb-ifb-content\">\n<p class=\"uagb-ifb-desc\">Obras de construcci\u00f3n de alta calidad<\/p>\n<div class=\"uagb-ifb-button-wrapper wp-block-button\"><a class=\"uagb-infobox-cta-link wp-block-button__link\" href=\"offerings\/\" target=\"_self\" rel=\"noopener noreferrer\"><span class=\"uagb-inline-editing\">Leer m\u00e1s<\/span><\/a><\/div>\n<\/div>\n<\/div>\n<\/div>\n\n<div class=\"wp-block-uagb-container uagb-block-badbb219\">\n<div class=\"wp-block-uagb-image alignleft uagb-block-d53ac889 wp-block-uagb-image--layout-default wp-block-uagb-image--effect-static wp-block-uagb-image--align-left\">\n<figure class=\"wp-block-uagb-image__figure\"><img loading=\"lazy\" decoding=\"async\" class=\"uag-image-15\" title=\"\" role=\"img\" src=\"https:\/\/integralesmura.cl\/sim2024\/wp-content\/uploads\/2024\/08\/tiler-working-renovation-apartment-scaled.jpg\" sizes=\"(max-width: 480px) 150px\" srcset=\"https:\/\/integralesmura.cl\/sim2024\/wp-content\/uploads\/2024\/08\/tiler-working-renovation-apartment-scaled.jpg ,https:\/\/integralesmura.cl\/sim2024\/wp-content\/uploads\/2024\/08\/tiler-working-renovation-apartment-scaled.jpg 780w, https:\/\/integralesmura.cl\/sim2024\/wp-content\/uploads\/2024\/08\/tiler-working-renovation-apartment-scaled.jpg 360w\" alt=\"\" width=\"366\" height=\"330\" \/><\/figure>\n<\/div>\n\n<div class=\"wp-block-uagb-info-box uagb-block-38d12367 uagb-infobox__content-wrap  uagb-infobox-icon-above-title uagb-infobox-image-valign-top\">\n<div class=\"uagb-ifb-content\">\n<div class=\"uagb-ifb-title-wrap\">\n<h3 class=\"uagb-ifb-title\">Remodelaci\u00f3n<\/h3>\n<\/div>\n<p class=\"uagb-ifb-desc\">Transformaciones eficientes en espacios existentes<\/p>\n<div class=\"uagb-ifb-button-wrapper wp-block-button\"><a class=\"uagb-infobox-cta-link wp-block-button__link\" href=\"offerings\/\" target=\"_self\" rel=\"noopener noreferrer\"><span class=\"uagb-inline-editing\">Leer m\u00e1s<\/span><\/a><\/div>\n<\/div>\n<\/div>\n<\/div>\n\n<div class=\"wp-block-uagb-container uagb-block-575c80d7\">\n<div class=\"wp-block-uagb-image alignleft uagb-block-fd7f2425 wp-block-uagb-image--layout-default wp-block-uagb-image--effect-static wp-block-uagb-image--align-left\">\n<figure class=\"wp-block-uagb-image__figure\"><img loading=\"lazy\" decoding=\"async\" class=\"uag-image-16\" title=\"\" role=\"img\" src=\"https:\/\/integralesmura.cl\/sim2024\/wp-content\/uploads\/2024\/08\/vista-superior-escritorio-laptop-planos-scaled.jpg\" sizes=\"(max-width: 480px) 150px\" srcset=\"https:\/\/integralesmura.cl\/sim2024\/wp-content\/uploads\/2024\/08\/vista-superior-escritorio-laptop-planos-scaled.jpg ,https:\/\/integralesmura.cl\/sim2024\/wp-content\/uploads\/2024\/08\/vista-superior-escritorio-laptop-planos-scaled.jpg 780w, https:\/\/integralesmura.cl\/sim2024\/wp-content\/uploads\/2024\/08\/vista-superior-escritorio-laptop-planos-scaled.jpg 360w\" alt=\"\" width=\"366\" height=\"330\" \/><\/figure>\n<\/div>\n<div class=\"wp-block-uagb-info-box uagb-block-42b4809b uagb-infobox__content-wrap  uagb-infobox-icon-above-title uagb-infobox-image-valign-top\">\n<div class=\"uagb-ifb-content\">\n<div class=\"uagb-ifb-title-wrap\">\n<h3 class=\"uagb-ifb-title\">Dise\u00f1o Arquitect\u00f3nico<\/h3>\n<\/div>\n<p class=\"uagb-ifb-desc\">Proyectos arquitect\u00f3nicos vanguardistas<\/p>\n<div class=\"uagb-ifb-button-wrapper wp-block-button\"><a class=\"uagb-infobox-cta-link wp-block-button__link\" href=\"offerings\/\" target=\"_self\" rel=\"noopener noreferrer\"><span class=\"uagb-inline-editing\">Leer m\u00e1s<\/span><\/a><\/div>\n<\/div>\n<\/div>\n<\/div>\n<\/div>\n<\/div>\n<\/div>\n\n<div class=\"wp-block-uagb-container uagb-block-20a41ee1 alignfull uagb-is-root-container\">\n<div class=\"uagb-container-inner-blocks-wrap\">\n<div class=\"wp-block-uagb-image alignleft uagb-block-3914175c wp-block-uagb-image--layout-default wp-block-uagb-image--effect-static wp-block-uagb-image--align-left\">\n<figure class=\"wp-block-uagb-image__figure\"><img loading=\"lazy\" decoding=\"async\" class=\"uag-image-12\" title=\"\" role=\"img\" src=\"https:\/\/integralesmura.cl\/sim2024\/wp-content\/uploads\/2024\/08\/black-white-scene-showcasing-life-construction-workers-site-scaled.jpg\" sizes=\"(max-width: 480px) 150px\" srcset=\"https:\/\/integralesmura.cl\/sim2024\/wp-content\/uploads\/2024\/08\/black-white-scene-showcasing-life-construction-workers-site-scaled.jpg ,https:\/\/integralesmura.cl\/sim2024\/wp-content\/uploads\/2024\/08\/black-white-scene-showcasing-life-construction-workers-site-scaled.jpg 780w, https:\/\/integralesmura.cl\/sim2024\/wp-content\/uploads\/2024\/08\/black-white-scene-showcasing-life-construction-workers-site-scaled.jpg 360w\" alt=\"\" width=\"560\" height=\"500\" \/><\/figure>\n<\/div>\n\n<div class=\"wp-block-uagb-container uagb-block-655a6293\">\n<div class=\"wp-block-uagb-advanced-heading uagb-block-9c99fc57\">\n<div class=\"uagb-heading-text\">\u00a0<\/div>\n<\/div>\n\n<div class=\"wp-block-uagb-advanced-heading uagb-block-011e80d1\">\n<h2 class=\"uagb-heading-text\">Propuesta de Valor \u00danica<\/h2>\n<p class=\"uagb-desc-text\">Destacamos por nuestra calidad, eficiencia y compromiso con la satisfacci\u00f3n del cliente.<\/p>\n<\/div>\n\n<div class=\"wp-block-uagb-icon-list uagb-block-85841d5b\">\n<div class=\"uagb-icon-list__wrap\">\n<div class=\"wp-block-uagb-icon-list-child uagb-block-50444aed\"><span class=\"uagb-icon-list__label\">Calidad Superior<\/span><\/div>\n\n<div class=\"wp-block-uagb-icon-list-child uagb-block-117573da\"><span class=\"uagb-icon-list__label\">Eficiencia Garantizada<\/span><\/div>\n\n<div class=\"wp-block-uagb-icon-list-child uagb-block-d1d479ba\"><span class=\"uagb-icon-list__label\">Satisfacci\u00f3n del Cliente<\/span><\/div>\n<\/div>\n<\/div>\n<\/div>\n<\/div>\n<\/div>\n\n<div class=\"wp-block-uagb-container uagb-block-43f78ea6 alignfull uagb-is-root-container\"><div class=\"uagb-container-inner-blocks-wrap\">\n<div class=\"wp-block-uagb-info-box uagb-block-52cbc377 uagb-infobox__content-wrap  uagb-infobox-icon-above-title uagb-infobox-image-valign-top\"><div class=\"uagb-ifb-content\"><div class=\"uagb-ifb-title-wrap\"><h2 class=\"uagb-ifb-title\">\u00danete a Nosotros<\/h2><\/div><p class=\"uagb-ifb-desc\">Cont\u00e1ctanos hoy para iniciar tu pr\u00f3ximo proyecto de construcci\u00f3n con la mejor empresa del norte de Chile.<\/p><\/div><\/div>\n\n\n\n<div class=\"wp-block-uagb-buttons uagb-buttons__outer-wrap uagb-btn__default-btn uagb-btn-tablet__default-btn uagb-btn-mobile__default-btn uagb-block-f4d2bfe9\"><div class=\"uagb-buttons__wrap uagb-buttons-layout-wrap \">\n<div class=\"wp-block-uagb-buttons-child uagb-buttons__outer-wrap uagb-block-1b3b52ed wp-block-button\"><div class=\"uagb-button__wrapper\"><a class=\"uagb-buttons-repeater wp-block-button__link\" aria-label=\"\" href=\"\/contact\/\" rel=\"follow noopener\" target=\"_self\"><div class=\"uagb-button__link\">Comenzar Ahora<\/div><\/a><\/div><\/div>\n<\/div><\/div>\n<\/div><\/div>\n\t\t\t\t\t\t\t\t<\/div>\n\t\t\t\t<\/div>\n\t\t\t\t\t<\/div>\n\t\t\t\t<\/div>\n\t\t<div class=\"elementor-element elementor-element-undefined-50a5d3d e-flex e-con-boxed e-con e-parent\" data-id=\"undefined-50a5d3d\" data-element_type=\"container\" data-e-type=\"container\">\n\t\t\t\t\t<div class=\"e-con-inner\">\n\t\t\t\t<div class=\"elementor-element elementor-element-undefined-b1aab1a elementor-widget elementor-widget-heading\" data-id=\"undefined-b1aab1a\" data-element_type=\"widget\" data-e-type=\"widget\" data-widget_type=\"heading.default\">\n\t\t\t\t<div class=\"elementor-widget-container\">\n\t\t\t\t\t<h2 class=\"elementor-heading-title elementor-size-default\">Trabajos realizados<\/h2>\t\t\t\t<\/div>\n\t\t\t\t<\/div>\n\t\t<div class=\"elementor-element elementor-element-undefined-3e294db e-flex e-con-boxed e-con e-child\" data-id=\"undefined-3e294db\" data-element_type=\"container\" data-e-type=\"container\">\n\t\t\t\t\t<div class=\"e-con-inner\">\n\t\t<div class=\"elementor-element elementor-element-undefined-c313569 e-flex e-con-boxed e-con e-child\" data-id=\"undefined-c313569\" data-element_type=\"container\" data-e-type=\"container\">\n\t\t\t\t\t<div class=\"e-con-inner\">\n\t\t\t\t<div class=\"elementor-element elementor-element-undefined-1367dfd elementor-widget-mobile__width-initial elementor-widget elementor-widget-image\" data-id=\"undefined-1367dfd\" data-element_type=\"widget\" data-e-type=\"widget\" data-widget_type=\"image.default\">\n\t\t\t\t<div class=\"elementor-widget-container\">\n\t\t\t\t\t\t\t\t\t\t\t\t\t\t\t<img decoding=\"async\" src=\"https:\/\/gene-2697.live.strattic.io\/wp-content\/uploads\/2024\/02\/logo-1.png\" title=\"\" alt=\"\" loading=\"lazy\" \/>\t\t\t\t\t\t\t\t\t\t\t\t\t\t\t<\/div>\n\t\t\t\t<\/div>\n\t\t\t\t<div class=\"elementor-element elementor-element-undefined-7e26d35 elementor-widget-mobile__width-initial elementor-widget elementor-widget-image\" data-id=\"undefined-7e26d35\" data-element_type=\"widget\" data-e-type=\"widget\" data-widget_type=\"image.default\">\n\t\t\t\t<div class=\"elementor-widget-container\">\n\t\t\t\t\t\t\t\t\t\t\t\t\t\t\t<img decoding=\"async\" src=\"https:\/\/gene-2697.live.strattic.io\/wp-content\/uploads\/2024\/02\/logo4.png\" title=\"\" alt=\"\" loading=\"lazy\" \/>\t\t\t\t\t\t\t\t\t\t\t\t\t\t\t<\/div>\n\t\t\t\t<\/div>\n\t\t\t\t<div class=\"elementor-element elementor-element-undefined-9ea227e elementor-widget-mobile__width-initial elementor-widget elementor-widget-image\" data-id=\"undefined-9ea227e\" data-element_type=\"widget\" data-e-type=\"widget\" data-widget_type=\"image.default\">\n\t\t\t\t<div class=\"elementor-widget-container\">\n\t\t\t\t\t\t\t\t\t\t\t\t\t\t\t<img decoding=\"async\" src=\"https:\/\/gene-2697.live.strattic.io\/wp-content\/uploads\/2024\/02\/logo3.png\" title=\"\" alt=\"\" loading=\"lazy\" \/>\t\t\t\t\t\t\t\t\t\t\t\t\t\t\t<\/div>\n\t\t\t\t<\/div>\n\t\t\t\t<div class=\"elementor-element elementor-element-undefined-df06987 elementor-widget-mobile__width-initial elementor-widget elementor-widget-image\" data-id=\"undefined-df06987\" data-element_type=\"widget\" data-e-type=\"widget\" data-widget_type=\"image.default\">\n\t\t\t\t<div class=\"elementor-widget-container\">\n\t\t\t\t\t\t\t\t\t\t\t\t\t\t\t<img decoding=\"async\" src=\"https:\/\/gene-2697.live.strattic.io\/wp-content\/uploads\/2024\/02\/logo6.png\" title=\"\" alt=\"\" loading=\"lazy\" \/>\t\t\t\t\t\t\t\t\t\t\t\t\t\t\t<\/div>\n\t\t\t\t<\/div>\n\t\t\t\t\t<\/div>\n\t\t\t\t<\/div>\n\t\t\t\t\t<\/div>\n\t\t\t\t<\/div>\n\t\t\t\t\t<\/div>\n\t\t\t\t<\/div>\n\t\t\t\t<\/div>\n\t\t","protected":false},"excerpt":{"rendered":"<p>Nuestra Experiencia Propuestas de Valor \u00danicas 01. Calidad Garantizada Nos comprometemos a ofrecer resultados de alta calidad en cada proyecto, [&hellip;]<\/p>\n","protected":false},"author":1,"featured_media":0,"parent":0,"menu_order":0,"comment_status":"closed","ping_status":"closed","template":"","meta":{"_uag_custom_page_level_css":"","site-sidebar-layout":"default","site-content-layout":"plain-container","ast-site-content-layout":"default","site-content-style":"default","site-sidebar-style":"default","ast-global-header-display":"","ast-banner-title-visibility":"","ast-main-header-display":"","ast-hfb-above-header-display":"","ast-hfb-below-header-display":"","ast-hfb-mobile-header-display":"","site-post-title":"disabled","ast-breadcrumbs-content":"","ast-featured-img":"","footer-sml-layout":"","theme-transparent-header-meta":"","adv-header-id-meta":"","stick-header-meta":"","header-above-stick-meta":"","header-main-stick-meta":"","header-below-stick-meta":"","astra-migrate-meta-layouts":"set","ast-page-background-enabled":"default","ast-page-background-meta":{"desktop":{"background-color":"var(--ast-global-color-4)","background-image":"","background-repeat":"repeat","background-position":"center center","background-size":"auto","background-attachment":"scroll","background-type":"","background-media":"","overlay-type":"","overlay-color":"","overlay-opacity":"","overlay-gradient":""},"tablet":{"background-color":"","background-image":"","background-repeat":"repeat","background-position":"center center","background-size":"auto","background-attachment":"scroll","background-type":"","background-media":"","overlay-type":"","overlay-color":"","overlay-opacity":"","overlay-gradient":""},"mobile":{"background-color":"","background-image":"","background-repeat":"repeat","background-position":"center center","background-size":"auto","background-attachment":"scroll","background-type":"","background-media":"","overlay-type":"","overlay-color":"","overlay-opacity":"","overlay-gradient":""}},"ast-content-background-meta":{"desktop":{"background-color":"var(--ast-global-color-5)","background-image":"","background-repeat":"repeat","background-position":"center center","background-size":"auto","background-attachment":"scroll","background-type":"","background-media":"","overlay-type":"","overlay-color":"","overlay-opacity":"","overlay-gradient":""},"tablet":{"background-color":"var(--ast-global-color-5)","background-image":"","background-repeat":"repeat","background-position":"center center","background-size":"auto","background-attachment":"scroll","background-type":"","background-media":"","overlay-type":"","overlay-color":"","overlay-opacity":"","overlay-gradient":""},"mobile":{"background-color":"var(--ast-global-color-5)","background-image":"","background-repeat":"repeat","background-position":"center center","background-size":"auto","background-attachment":"scroll","background-type":"","background-media":"","overlay-type":"","overlay-color":"","overlay-opacity":"","overlay-gradient":""}},"footnotes":""},"class_list":["post-1330","page","type-page","status-publish","hentry"],"uagb_featured_image_src":{"full":false,"thumbnail":false,"medium":false,"medium_large":false,"large":false,"1536x1536":false,"2048x2048":false},"uagb_author_info":{"display_name":"admin","author_link":"https:\/\/integralesmura.cl\/sim2024\/author\/ivomuraq\/"},"uagb_comment_info":0,"uagb_excerpt":"Nuestra Experiencia Propuestas de Valor \u00danicas 01. Calidad Garantizada Nos comprometemos a ofrecer resultados de alta calidad en cada proyecto, [&hellip;]","jetpack_sharing_enabled":true,"_links":{"self":[{"href":"https:\/\/integralesmura.cl\/sim2024\/wp-json\/wp\/v2\/pages\/1330","targetHints":{"allow":["GET"]}}],"collection":[{"href":"https:\/\/integralesmura.cl\/sim2024\/wp-json\/wp\/v2\/pages"}],"about":[{"href":"https:\/\/integralesmura.cl\/sim2024\/wp-json\/wp\/v2\/types\/page"}],"author":[{"embeddable":true,"href":"https:\/\/integralesmura.cl\/sim2024\/wp-json\/wp\/v2\/users\/1"}],"replies":[{"embeddable":true,"href":"https:\/\/integralesmura.cl\/sim2024\/wp-json\/wp\/v2\/comments?post=1330"}],"version-history":[{"count":0,"href":"https:\/\/integralesmura.cl\/sim2024\/wp-json\/wp\/v2\/pages\/1330\/revisions"}],"wp:attachment":[{"href":"https:\/\/integralesmura.cl\/sim2024\/wp-json\/wp\/v2\/media?parent=1330"}],"curies":[{"name":"wp","href":"https:\/\/api.w.org\/{rel}","templated":true}]}}