{"id":1332,"date":"2024-08-19T21:41:03","date_gmt":"2024-08-19T21:41:03","guid":{"rendered":"https:\/\/integralesmura.cl\/sim2024\/?page_id=1332"},"modified":"2024-08-19T21:41:07","modified_gmt":"2024-08-19T21:41:07","slug":"about-us","status":"publish","type":"page","link":"https:\/\/integralesmura.cl\/sim2024\/about-us\/","title":{"rendered":"About Us"},"content":{"rendered":"\n<div class=\"wp-block-uagb-container uagb-block-b9cc7a1c alignfull uagb-is-root-container\"><div class=\"uagb-container-inner-blocks-wrap\">\n<div class=\"wp-block-uagb-advanced-heading uagb-block-0ae51710\"><h1 class=\"uagb-heading-text\">Nuestra Historia<\/h1><\/div>\n<\/div><\/div>\n\n\n\n<div class=\"wp-block-uagb-container uagb-block-5f7f6f03 alignfull uagb-is-root-container\"><div class=\"uagb-container-inner-blocks-wrap\">\n<div class=\"wp-block-uagb-image alignleft uagb-block-6c4d1c39 wp-block-uagb-image--layout-default wp-block-uagb-image--effect-static wp-block-uagb-image--align-left\"><figure class=\"wp-block-uagb-image__figure\"><img loading=\"lazy\" decoding=\"async\" srcset=\"https:\/\/integralesmura.cl\/sim2024\/wp-content\/uploads\/2024\/08\/black-white-scene-showcasing-life-construction-workers-site-scaled.jpg , https:\/\/integralesmura.cl\/sim2024\/wp-content\/uploads\/2024\/08\/black-white-scene-showcasing-life-construction-workers-site-scaled.jpg 360w\" sizes=\"auto, (max-width: 480px) 150px\" src=\"https:\/\/integralesmura.cl\/sim2024\/wp-content\/uploads\/2024\/08\/black-white-scene-showcasing-life-construction-workers-site-scaled.jpg\" alt=\"\" class=\"uag-image-12\" width=\"560\" height=\"450\" title=\"\" loading=\"lazy\" role=\"img\"\/><\/figure><\/div>\n\n\n\n<div class=\"wp-block-uagb-container uagb-block-2cc2bc76\">\n<div class=\"wp-block-uagb-advanced-heading uagb-block-12fcb048\"><h2 class=\"uagb-heading-text\">Nuestra Historia<\/h2><p class=\"uagb-desc-text\">Con una trayectoria s\u00f3lida y experiencia en el sector de construcci\u00f3n, hemos entregado soluciones exitosas a nuestros clientes.<\/p><\/div>\n\n\n\n<div class=\"wp-block-uagb-advanced-heading uagb-block-04903cec\"><p class=\"uagb-desc-text\">Nuestro equipo est\u00e1 formado por expertos en el campo, comprometidos con la excelencia y la satisfacci\u00f3n del cliente.<\/p><\/div>\n<\/div>\n<\/div><\/div>\n\n\n\n<div class=\"wp-block-uagb-container uagb-block-0f99c3d5 alignfull uagb-is-root-container\"><div class=\"uagb-container-inner-blocks-wrap\">\n<div class=\"wp-block-uagb-advanced-heading uagb-block-d80d1198\"><div class=\"uagb-heading-text\">Nuestro Valor<\/div><\/div>\n\n\n\n<div class=\"wp-block-uagb-advanced-heading uagb-block-6bcebb04\"><h2 class=\"uagb-heading-text\">Propuesta de Valor \u00danica<\/h2><\/div>\n\n\n\n<div class=\"wp-block-uagb-container uagb-block-493f6ce1\">\n<div class=\"wp-block-uagb-container uagb-block-c0da353d\">\n<div class=\"wp-block-uagb-advanced-heading uagb-block-94acea8d\"><div class=\"uagb-heading-text\">01.<\/div><\/div>\n\n\n\n<div class=\"wp-block-uagb-advanced-heading uagb-block-cdc0f1b9\"><h3 class=\"uagb-heading-text\">Calidad Superior<\/h3><p class=\"uagb-desc-text\">Comprometidos con la calidad y eficiencia en cada proyecto.<\/p><\/div>\n<\/div>\n\n\n\n<div class=\"wp-block-uagb-container uagb-block-a44f5268\">\n<div class=\"wp-block-uagb-advanced-heading uagb-block-3acd47ef\"><div class=\"uagb-heading-text\">02.<\/div><\/div>\n\n\n\n<div class=\"wp-block-uagb-advanced-heading uagb-block-fd65736d\"><h3 class=\"uagb-heading-text\">Eficiencia Garantizada<\/h3><p class=\"uagb-desc-text\">Experiencia y profesionalismo garantizados en todas nuestras obras.<\/p><\/div>\n<\/div>\n\n\n\n<div class=\"wp-block-uagb-container uagb-block-b3c03ce4\">\n<div class=\"wp-block-uagb-advanced-heading uagb-block-c5d4336e\"><div class=\"uagb-heading-text\">03.<\/div><\/div>\n\n\n\n<div class=\"wp-block-uagb-advanced-heading uagb-block-3d3e70a3\"><h3 class=\"uagb-heading-text\">Satisfacci\u00f3n del Cliente<\/h3><p class=\"uagb-desc-text\">Atenci\u00f3n y servicio personalizado que nos distingue en el mercado local.<\/p><\/div>\n<\/div>\n<\/div>\n<\/div><\/div>\n\n\n\n<div class=\"wp-block-uagb-container uagb-block-43f78ea6 alignfull uagb-is-root-container\"><div class=\"uagb-container-inner-blocks-wrap\">\n<div class=\"wp-block-uagb-info-box uagb-block-52cbc377 uagb-infobox__content-wrap  uagb-infobox-icon-above-title uagb-infobox-image-valign-top\"><div class=\"uagb-ifb-content\"><div class=\"uagb-ifb-title-wrap\"><h2 class=\"uagb-ifb-title\">\u00danete a Nosotros<\/h2><\/div><p class=\"uagb-ifb-desc\">Cont\u00e1ctanos hoy para iniciar tu pr\u00f3ximo proyecto de construcci\u00f3n con la mejor empresa del norte de Chile.<\/p><\/div><\/div>\n\n\n\n<div class=\"wp-block-uagb-buttons uagb-buttons__outer-wrap uagb-btn__default-btn uagb-btn-tablet__default-btn uagb-btn-mobile__default-btn uagb-block-f4d2bfe9\"><div class=\"uagb-buttons__wrap uagb-buttons-layout-wrap \">\n<div class=\"wp-block-uagb-buttons-child uagb-buttons__outer-wrap uagb-block-1b3b52ed wp-block-button\"><div class=\"uagb-button__wrapper\"><a class=\"uagb-buttons-repeater wp-block-button__link\" aria-label=\"\" href=\"\/contact\/\" rel=\"follow noopener\" target=\"_self\"><div class=\"uagb-button__link\">Comenzar Ahora<\/div><\/a><\/div><\/div>\n<\/div><\/div>\n<\/div><\/div>\n","protected":false},"excerpt":{"rendered":"<p>Nuestra Historia Nuestra Historia Con una trayectoria s\u00f3lida y experiencia en el sector de construcci\u00f3n, hemos entregado soluciones exitosas a [&hellip;]<\/p>\n","protected":false},"author":1,"featured_media":0,"parent":0,"menu_order":0,"comment_status":"closed","ping_status":"closed","template":"","meta":{"_uag_custom_page_level_css":"","site-sidebar-layout":"default","site-content-layout":"","ast-site-content-layout":"default","site-content-style":"default","site-sidebar-style":"default","ast-global-header-display":"","ast-banner-title-visibility":"","ast-main-header-display":"","ast-hfb-above-header-display":"","ast-hfb-below-header-display":"","ast-hfb-mobile-header-display":"","site-post-title":"disabled","ast-breadcrumbs-content":"","ast-featured-img":"","footer-sml-layout":"","theme-transparent-header-meta":"","adv-header-id-meta":"","stick-header-meta":"","header-above-stick-meta":"","header-main-stick-meta":"","header-below-stick-meta":"","astra-migrate-meta-layouts":"set","ast-page-background-enabled":"default","ast-page-background-meta":{"desktop":{"background-color":"var(--ast-global-color-4)","background-image":"","background-repeat":"repeat","background-position":"center center","background-size":"auto","background-attachment":"scroll","background-type":"","background-media":"","overlay-type":"","overlay-color":"","overlay-opacity":"","overlay-gradient":""},"tablet":{"background-color":"","background-image":"","background-repeat":"repeat","background-position":"center center","background-size":"auto","background-attachment":"scroll","background-type":"","background-media":"","overlay-type":"","overlay-color":"","overlay-opacity":"","overlay-gradient":""},"mobile":{"background-color":"","background-image":"","background-repeat":"repeat","background-position":"center center","background-size":"auto","background-attachment":"scroll","background-type":"","background-media":"","overlay-type":"","overlay-color":"","overlay-opacity":"","overlay-gradient":""}},"ast-content-background-meta":{"desktop":{"background-color":"var(--ast-global-color-5)","background-image":"","background-repeat":"repeat","background-position":"center center","background-size":"auto","background-attachment":"scroll","background-type":"","background-media":"","overlay-type":"","overlay-color":"","overlay-opacity":"","overlay-gradient":""},"tablet":{"background-color":"var(--ast-global-color-5)","background-image":"","background-repeat":"repeat","background-position":"center center","background-size":"auto","background-attachment":"scroll","background-type":"","background-media":"","overlay-type":"","overlay-color":"","overlay-opacity":"","overlay-gradient":""},"mobile":{"background-color":"var(--ast-global-color-5)","background-image":"","background-repeat":"repeat","background-position":"center center","background-size":"auto","background-attachment":"scroll","background-type":"","background-media":"","overlay-type":"","overlay-color":"","overlay-opacity":"","overlay-gradient":""}},"footnotes":""},"class_list":["post-1332","page","type-page","status-publish","hentry"],"uagb_featured_image_src":{"full":false,"thumbnail":false,"medium":false,"medium_large":false,"large":false,"1536x1536":false,"2048x2048":false},"uagb_author_info":{"display_name":"admin","author_link":"https:\/\/integralesmura.cl\/sim2024\/author\/ivomuraq\/"},"uagb_comment_info":0,"uagb_excerpt":"Nuestra Historia Nuestra Historia Con una trayectoria s\u00f3lida y experiencia en el sector de construcci\u00f3n, hemos entregado soluciones exitosas a [&hellip;]","jetpack_sharing_enabled":true,"_links":{"self":[{"href":"https:\/\/integralesmura.cl\/sim2024\/wp-json\/wp\/v2\/pages\/1332","targetHints":{"allow":["GET"]}}],"collection":[{"href":"https:\/\/integralesmura.cl\/sim2024\/wp-json\/wp\/v2\/pages"}],"about":[{"href":"https:\/\/integralesmura.cl\/sim2024\/wp-json\/wp\/v2\/types\/page"}],"author":[{"embeddable":true,"href":"https:\/\/integralesmura.cl\/sim2024\/wp-json\/wp\/v2\/users\/1"}],"replies":[{"embeddable":true,"href":"https:\/\/integralesmura.cl\/sim2024\/wp-json\/wp\/v2\/comments?post=1332"}],"version-history":[{"count":0,"href":"https:\/\/integralesmura.cl\/sim2024\/wp-json\/wp\/v2\/pages\/1332\/revisions"}],"wp:attachment":[{"href":"https:\/\/integralesmura.cl\/sim2024\/wp-json\/wp\/v2\/media?parent=1332"}],"curies":[{"name":"wp","href":"https:\/\/api.w.org\/{rel}","templated":true}]}}