{"id":1333,"date":"2024-08-19T21:41:03","date_gmt":"2024-08-19T21:41:03","guid":{"rendered":"https:\/\/integralesmura.cl\/sim2024\/?page_id=1333"},"modified":"2024-08-19T21:41:07","modified_gmt":"2024-08-19T21:41:07","slug":"offerings","status":"publish","type":"page","link":"https:\/\/integralesmura.cl\/sim2024\/offerings\/","title":{"rendered":"Offerings"},"content":{"rendered":"\n<div class=\"wp-block-uagb-container uagb-block-2a911720 alignfull uagb-is-root-container\"><div class=\"uagb-container-inner-blocks-wrap\">\n<div class=\"wp-block-uagb-advanced-heading uagb-block-37007e46\"><h1 class=\"uagb-heading-text\">Nuestros Servicios<\/h1><\/div>\n<\/div><\/div>\n\n\n\n<div class=\"wp-block-uagb-container uagb-block-6b0a45b6 alignfull uagb-is-root-container\"><div class=\"uagb-container-inner-blocks-wrap\">\n<div class=\"wp-block-uagb-container uagb-block-83bd379f\">\n<div class=\"wp-block-uagb-container uagb-block-3f003211\">\n<div class=\"wp-block-uagb-info-box uagb-block-5a6a3882 uagb-infobox__content-wrap  uagb-infobox-icon-above-title uagb-infobox-image-valign-top\"><div class=\"uagb-ifb-content\"><div class=\"uagb-ifb-title-wrap\"><p class=\"uagb-ifb-title-prefix\">01<\/p><h2 class=\"uagb-ifb-title\">Construcci\u00f3n<\/h2><\/div><p class=\"uagb-ifb-desc\">Ofrecemos servicios de construcci\u00f3n especializados y personalizados para cada proyecto, garantizando resultados duraderos y a la medida del cliente.<\/p><\/div><\/div>\n<\/div>\n\n\n\n<div class=\"wp-block-uagb-image alignright uagb-block-32ab58fe wp-block-uagb-image--layout-default wp-block-uagb-image--effect-static wp-block-uagb-image--align-right\"><figure class=\"wp-block-uagb-image__figure\"><img loading=\"lazy\" decoding=\"async\" srcset=\"https:\/\/integralesmura.cl\/sim2024\/wp-content\/uploads\/2024\/08\/CONSTRUCCION-1.jpeg ,https:\/\/integralesmura.cl\/sim2024\/wp-content\/uploads\/2024\/08\/CONSTRUCCION-1.jpeg 780w, https:\/\/integralesmura.cl\/sim2024\/wp-content\/uploads\/2024\/08\/CONSTRUCCION-1.jpeg 360w\" sizes=\"auto, (max-width: 480px) 150px\" src=\"https:\/\/integralesmura.cl\/sim2024\/wp-content\/uploads\/2024\/08\/CONSTRUCCION-1.jpeg\" alt=\"\" class=\"uag-image-13\" width=\"560\" height=\"380\" title=\"\" loading=\"lazy\" role=\"img\"\/><\/figure><\/div>\n<\/div>\n\n\n\n<div class=\"wp-block-uagb-container uagb-block-5b0063ce\">\n<div class=\"wp-block-uagb-image alignleft uagb-block-fcfcefd9 wp-block-uagb-image--layout-default wp-block-uagb-image--effect-static wp-block-uagb-image--align-left\"><figure class=\"wp-block-uagb-image__figure\"><img loading=\"lazy\" decoding=\"async\" srcset=\"https:\/\/integralesmura.cl\/sim2024\/wp-content\/uploads\/2024\/08\/logo-sim-1.png ,https:\/\/integralesmura.cl\/sim2024\/wp-content\/uploads\/2024\/08\/logo-sim-1.png 780w, https:\/\/integralesmura.cl\/sim2024\/wp-content\/uploads\/2024\/08\/logo-sim-1.png 360w\" sizes=\"auto, (max-width: 480px) 150px\" src=\"https:\/\/integralesmura.cl\/sim2024\/wp-content\/uploads\/2024\/08\/logo-sim-1.png\" alt=\"\" class=\"uag-image-14\" width=\"560\" height=\"380\" title=\"\" loading=\"lazy\" role=\"img\"\/><\/figure><\/div>\n\n\n\n<div class=\"wp-block-uagb-container uagb-block-8e8be07f\">\n<div class=\"wp-block-uagb-info-box uagb-block-bb00902d uagb-infobox__content-wrap  uagb-infobox-icon-above-title uagb-infobox-image-valign-top\"><div class=\"uagb-ifb-content\"><div class=\"uagb-ifb-title-wrap\"><p class=\"uagb-ifb-title-prefix\">02<\/p><h2 class=\"uagb-ifb-title\">Remodelaci\u00f3n<\/h2><\/div><p class=\"uagb-ifb-desc\">Realizamos remodelaciones integrales con un enfoque innovador y soluciones creativas que revitalizan cualquier ambiente de forma funcional y est\u00e9tica.<\/p><\/div><\/div>\n<\/div>\n<\/div>\n\n\n\n<div class=\"wp-block-uagb-container uagb-block-6144972b\">\n<div class=\"wp-block-uagb-container uagb-block-37e0bb2e\">\n<div class=\"wp-block-uagb-info-box uagb-block-10411b91 uagb-infobox__content-wrap  uagb-infobox-icon-above-title uagb-infobox-image-valign-top\"><div class=\"uagb-ifb-content\"><div class=\"uagb-ifb-title-wrap\"><p class=\"uagb-ifb-title-prefix\">03<\/p><h2 class=\"uagb-ifb-title\">Dise\u00f1o Arquitect\u00f3nico<\/h2><\/div><p class=\"uagb-ifb-desc\">Creamos dise\u00f1os arquitect\u00f3nicos innovadores que combinan est\u00e9tica y funcionalidad, aportando valor y distinci\u00f3n a cada espacio. <\/p><\/div><\/div>\n<\/div>\n\n\n\n<div class=\"wp-block-uagb-image alignright uagb-block-94ca89bf wp-block-uagb-image--layout-default wp-block-uagb-image--effect-static wp-block-uagb-image--align-right\"><figure class=\"wp-block-uagb-image__figure\"><img loading=\"lazy\" decoding=\"async\" srcset=\"https:\/\/integralesmura.cl\/sim2024\/wp-content\/uploads\/2024\/08\/tiler-working-renovation-apartment-scaled.jpg ,https:\/\/integralesmura.cl\/sim2024\/wp-content\/uploads\/2024\/08\/tiler-working-renovation-apartment-scaled.jpg 780w, https:\/\/integralesmura.cl\/sim2024\/wp-content\/uploads\/2024\/08\/tiler-working-renovation-apartment-scaled.jpg 360w\" sizes=\"auto, (max-width: 480px) 150px\" src=\"https:\/\/integralesmura.cl\/sim2024\/wp-content\/uploads\/2024\/08\/tiler-working-renovation-apartment-scaled.jpg\" alt=\"\" class=\"uag-image-15\" width=\"560\" height=\"380\" title=\"\" loading=\"lazy\" role=\"img\"\/><\/figure><\/div>\n<\/div>\n\n\n\n<div class=\"wp-block-uagb-container uagb-block-299c1865\">\n<div class=\"wp-block-uagb-image alignleft uagb-block-f4013f1e wp-block-uagb-image--layout-default wp-block-uagb-image--effect-static wp-block-uagb-image--align-left\"><figure class=\"wp-block-uagb-image__figure\"><img loading=\"lazy\" decoding=\"async\" srcset=\"https:\/\/integralesmura.cl\/sim2024\/wp-content\/uploads\/2024\/08\/vista-superior-escritorio-laptop-planos-scaled.jpg ,https:\/\/integralesmura.cl\/sim2024\/wp-content\/uploads\/2023\/08\/services-07.jpg 780w, https:\/\/integralesmura.cl\/sim2024\/wp-content\/uploads\/2023\/08\/services-07.jpg 360w\" sizes=\"auto, (max-width: 480px) 150px\" src=\"https:\/\/integralesmura.cl\/sim2024\/wp-content\/uploads\/2024\/08\/vista-superior-escritorio-laptop-planos-scaled.jpg\" alt=\"\" class=\"uag-image-16\" width=\"560\" height=\"380\" title=\"\" loading=\"lazy\" role=\"img\"\/><\/figure><\/div>\n\n\n\n<div class=\"wp-block-uagb-container uagb-block-0fd7333b\">\n<div class=\"wp-block-uagb-info-box uagb-block-27516f08 uagb-infobox__content-wrap  uagb-infobox-icon-above-title uagb-infobox-image-valign-top\"><div class=\"uagb-ifb-content\"><div class=\"uagb-ifb-title-wrap\"><p class=\"uagb-ifb-title-prefix\">04<\/p><h2 class=\"uagb-ifb-title\">Mantenimiento<\/h2><\/div><p class=\"uagb-ifb-desc\">Brindamos servicios de mantenimiento preventivo y correctivo, asegurando la conservaci\u00f3n \u00f3ptima de las estructuras y espacios construidos.<\/p><\/div><\/div>\n<\/div>\n<\/div>\n<\/div><\/div>\n\n\n\n<div class=\"wp-block-uagb-container uagb-block-43f78ea6 alignfull uagb-is-root-container\"><div class=\"uagb-container-inner-blocks-wrap\">\n<div class=\"wp-block-uagb-info-box uagb-block-52cbc377 uagb-infobox__content-wrap  uagb-infobox-icon-above-title uagb-infobox-image-valign-top\"><div class=\"uagb-ifb-content\"><div class=\"uagb-ifb-title-wrap\"><h2 class=\"uagb-ifb-title\">\u00danete a Nosotros<\/h2><\/div><p class=\"uagb-ifb-desc\">Cont\u00e1ctanos hoy para iniciar tu pr\u00f3ximo proyecto de construcci\u00f3n con la mejor empresa del norte de Chile.<\/p><\/div><\/div>\n\n\n\n<div class=\"wp-block-uagb-buttons uagb-buttons__outer-wrap uagb-btn__default-btn uagb-btn-tablet__default-btn uagb-btn-mobile__default-btn uagb-block-f4d2bfe9\"><div class=\"uagb-buttons__wrap uagb-buttons-layout-wrap \">\n<div class=\"wp-block-uagb-buttons-child uagb-buttons__outer-wrap uagb-block-1b3b52ed wp-block-button\"><div class=\"uagb-button__wrapper\"><a class=\"uagb-buttons-repeater wp-block-button__link\" aria-label=\"\" href=\"\/contact\/\" rel=\"follow noopener\" target=\"_self\"><div class=\"uagb-button__link\">Comenzar Ahora<\/div><\/a><\/div><\/div>\n<\/div><\/div>\n<\/div><\/div>\n","protected":false},"excerpt":{"rendered":"<p>Nuestros Servicios<\/p>\n","protected":false},"author":1,"featured_media":0,"parent":0,"menu_order":0,"comment_status":"closed","ping_status":"closed","template":"","meta":{"_uag_custom_page_level_css":"","site-sidebar-layout":"default","site-content-layout":"","ast-site-content-layout":"default","site-content-style":"default","site-sidebar-style":"default","ast-global-header-display":"","ast-banner-title-visibility":"","ast-main-header-display":"","ast-hfb-above-header-display":"","ast-hfb-below-header-display":"","ast-hfb-mobile-header-display":"","site-post-title":"disabled","ast-breadcrumbs-content":"","ast-featured-img":"","footer-sml-layout":"","theme-transparent-header-meta":"","adv-header-id-meta":"","stick-header-meta":"","header-above-stick-meta":"","header-main-stick-meta":"","header-below-stick-meta":"","astra-migrate-meta-layouts":"set","ast-page-background-enabled":"default","ast-page-background-meta":{"desktop":{"background-color":"var(--ast-global-color-4)","background-image":"","background-repeat":"repeat","background-position":"center center","background-size":"auto","background-attachment":"scroll","background-type":"","background-media":"","overlay-type":"","overlay-color":"","overlay-opacity":"","overlay-gradient":""},"tablet":{"background-color":"","background-image":"","background-repeat":"repeat","background-position":"center center","background-size":"auto","background-attachment":"scroll","background-type":"","background-media":"","overlay-type":"","overlay-color":"","overlay-opacity":"","overlay-gradient":""},"mobile":{"background-color":"","background-image":"","background-repeat":"repeat","background-position":"center center","background-size":"auto","background-attachment":"scroll","background-type":"","background-media":"","overlay-type":"","overlay-color":"","overlay-opacity":"","overlay-gradient":""}},"ast-content-background-meta":{"desktop":{"background-color":"var(--ast-global-color-5)","background-image":"","background-repeat":"repeat","background-position":"center center","background-size":"auto","background-attachment":"scroll","background-type":"","background-media":"","overlay-type":"","overlay-color":"","overlay-opacity":"","overlay-gradient":""},"tablet":{"background-color":"var(--ast-global-color-5)","background-image":"","background-repeat":"repeat","background-position":"center center","background-size":"auto","background-attachment":"scroll","background-type":"","background-media":"","overlay-type":"","overlay-color":"","overlay-opacity":"","overlay-gradient":""},"mobile":{"background-color":"var(--ast-global-color-5)","background-image":"","background-repeat":"repeat","background-position":"center center","background-size":"auto","background-attachment":"scroll","background-type":"","background-media":"","overlay-type":"","overlay-color":"","overlay-opacity":"","overlay-gradient":""}},"footnotes":""},"class_list":["post-1333","page","type-page","status-publish","hentry"],"uagb_featured_image_src":{"full":false,"thumbnail":false,"medium":false,"medium_large":false,"large":false,"1536x1536":false,"2048x2048":false},"uagb_author_info":{"display_name":"admin","author_link":"https:\/\/integralesmura.cl\/sim2024\/author\/ivomuraq\/"},"uagb_comment_info":0,"uagb_excerpt":"Nuestros Servicios","jetpack_sharing_enabled":true,"_links":{"self":[{"href":"https:\/\/integralesmura.cl\/sim2024\/wp-json\/wp\/v2\/pages\/1333","targetHints":{"allow":["GET"]}}],"collection":[{"href":"https:\/\/integralesmura.cl\/sim2024\/wp-json\/wp\/v2\/pages"}],"about":[{"href":"https:\/\/integralesmura.cl\/sim2024\/wp-json\/wp\/v2\/types\/page"}],"author":[{"embeddable":true,"href":"https:\/\/integralesmura.cl\/sim2024\/wp-json\/wp\/v2\/users\/1"}],"replies":[{"embeddable":true,"href":"https:\/\/integralesmura.cl\/sim2024\/wp-json\/wp\/v2\/comments?post=1333"}],"version-history":[{"count":0,"href":"https:\/\/integralesmura.cl\/sim2024\/wp-json\/wp\/v2\/pages\/1333\/revisions"}],"wp:attachment":[{"href":"https:\/\/integralesmura.cl\/sim2024\/wp-json\/wp\/v2\/media?parent=1333"}],"curies":[{"name":"wp","href":"https:\/\/api.w.org\/{rel}","templated":true}]}}