{"id":1334,"date":"2024-08-19T21:41:03","date_gmt":"2024-08-19T21:41:03","guid":{"rendered":"https:\/\/integralesmura.cl\/sim2024\/?page_id=1334"},"modified":"2024-10-28T19:57:31","modified_gmt":"2024-10-28T19:57:31","slug":"contact-us","status":"publish","type":"page","link":"https:\/\/integralesmura.cl\/sim2024\/contact-us\/","title":{"rendered":"Contact Us"},"content":{"rendered":"\t\t<div data-elementor-type=\"wp-page\" data-elementor-id=\"1334\" class=\"elementor elementor-1334\">\n\t\t\t\t<div class=\"elementor-element elementor-element-21ee4333 e-flex e-con-boxed e-con e-parent\" data-id=\"21ee4333\" data-element_type=\"container\" data-e-type=\"container\">\n\t\t\t\t\t<div class=\"e-con-inner\">\n\t\t\t\t<div class=\"elementor-element elementor-element-40257756 elementor-widget elementor-widget-text-editor\" data-id=\"40257756\" data-element_type=\"widget\" data-e-type=\"widget\" data-widget_type=\"text-editor.default\">\n\t\t\t\t<div class=\"elementor-widget-container\">\n\t\t\t\t\t\t\t\t\t\n<div class=\"wp-block-uagb-container uagb-block-2a911720 alignfull uagb-is-root-container\">\n<div class=\"uagb-container-inner-blocks-wrap\">\n<div class=\"wp-block-uagb-advanced-heading uagb-block-37007e46\">\n<h1 class=\"uagb-heading-text\">Contacto<\/h1>\n<\/div>\n<\/div>\n<\/div>\n\n<div class=\"wp-block-uagb-container uagb-block-524a68f1 alignfull uagb-is-root-container\">\n<div class=\"uagb-container-inner-blocks-wrap\">\n<div class=\"wp-block-uagb-container uagb-block-1d083998\">\n<div class=\"wp-block-uagb-advanced-heading uagb-block-022ffe00\">\n<h2 class=\"uagb-heading-text\">Informaci\u00f3n de contacto<\/h2>\n<p class=\"uagb-desc-text\">\u00bfTienes preguntas sobre nuestros servicios o deseas ponerte en contacto con nosotros? Completa el siguiente formulario o utiliza la informaci\u00f3n de contacto a continuaci\u00f3n.<\/p>\n<\/div>\n\n<div class=\"wp-block-uagb-advanced-heading uagb-block-6e2c4b18\">\n<div class=\"uagb-heading-text\">Ll\u00e1manos: Fono 56-55 -216599 &#8211; Antofagasta<\/div>\n<\/div>\n\n<div class=\"wp-block-uagb-advanced-heading uagb-block-0ac9da91\">\n<div class=\"uagb-heading-text\">Correo electr\u00f3nico: ventas@scmcomputacion.cl<\/div>\n<\/div>\n\n<div class=\"wp-block-uagb-advanced-heading uagb-block-2fb5dc39\">\n<div class=\"uagb-heading-text\">Direcci\u00f3n: Direcci\u00f3n Avenida Pedro Aguirre Cerda 8700 Local 11 Antofagasta, Chile<\/div>\n<\/div>\n\n<div class=\"wp-block-uagb-advanced-heading uagb-block-ec87f7f2\">\n<h3 class=\"uagb-heading-text\">S\u00edguenos<\/h3>\n<\/div>\n\n<div class=\"wp-block-uagb-icon-list uagb-block-c2bc1b67\">\n<div class=\"uagb-icon-list__wrap\">\n<div class=\"wp-block-uagb-icon-list-child uagb-block-4d4d70aa\">\u00a0<\/div>\n<div class=\"wp-block-uagb-icon-list-child uagb-block-c519c76a\">\u00a0<\/div>\n<\/div>\n<div class=\"wp-block-uagb-icon-list-child uagb-block-1d7add1c\">\u00a0<\/div>\n<div class=\"uagb-icon-list__wrap\">\n<div class=\"wp-block-uagb-icon-list-child uagb-block-0c53a8a6\">\u00a0<\/div>\n<\/div>\n<\/div>\n<\/div>\n<div class=\"wp-block-uagb-forms uagb-forms__outer-wrap uagb-block-7b71016e uagb-forms__medium-btn\">\n<div class=\"uagb-forms-failed-message-7b71016e uagb-forms-submit-message-hide\"><div class=\"wpforms-container wpforms-container-full wpforms-render-modern\" id=\"wpforms-1401\"><form id=\"wpforms-form-1401\" class=\"wpforms-validate wpforms-form wpforms-ajax-form\" data-formid=\"1401\" method=\"post\" enctype=\"multipart\/form-data\" action=\"\/sim2024\/wp-json\/wp\/v2\/pages\/1334\" data-token=\"f226df236053fa2dee84c1cba58058f6\" data-token-time=\"1775890236\"><noscript class=\"wpforms-error-noscript\">Please enable JavaScript in your browser to complete this form.<\/noscript><div class=\"wpforms-hidden\" id=\"wpforms-error-noscript\">Please enable JavaScript in your browser to complete this form.<\/div><div class=\"wpforms-field-container\"><div id=\"wpforms-1401-field_1-container\" class=\"wpforms-field wpforms-field-name\" data-field-id=\"1\"><label class=\"wpforms-field-label\" for=\"wpforms-1401-field_1\">Tu nombre <span class=\"wpforms-required-label\" aria-hidden=\"true\">*<\/span><\/label><input type=\"text\" id=\"wpforms-1401-field_1\" class=\"wpforms-field-medium wpforms-field-required\" name=\"wpforms[fields][1]\" aria-errormessage=\"wpforms-1401-field_1-error\" required><\/div><div id=\"wpforms-1401-field_2-container\" class=\"wpforms-field wpforms-field-email\" data-field-id=\"2\"><label class=\"wpforms-field-label\" for=\"wpforms-1401-field_2\">Email <span class=\"wpforms-required-label\" aria-hidden=\"true\">*<\/span><\/label><input type=\"email\" id=\"wpforms-1401-field_2\" class=\"wpforms-field-medium wpforms-field-required\" name=\"wpforms[fields][2]\" spellcheck=\"false\" aria-errormessage=\"wpforms-1401-field_2-error\" required><\/div><div id=\"wpforms-1401-field_3-container\" class=\"wpforms-field wpforms-field-textarea\" data-field-id=\"3\"><label class=\"wpforms-field-label\" for=\"wpforms-1401-field_3\">Mensaje<\/label><textarea id=\"wpforms-1401-field_3\" class=\"wpforms-field-medium\" name=\"wpforms[fields][3]\" aria-errormessage=\"wpforms-1401-field_3-error\" ><\/textarea><\/div><\/div><!-- .wpforms-field-container --><div class=\"wpforms-submit-container\" ><input type=\"hidden\" name=\"wpforms[id]\" value=\"1401\"><input type=\"hidden\" name=\"page_title\" value=\"\"><input type=\"hidden\" name=\"page_url\" value=\"https:\/\/integralesmura.cl\/sim2024\/wp-json\/wp\/v2\/pages\/1334\"><button type=\"submit\" name=\"wpforms[submit]\" id=\"wpforms-submit-1401\" class=\"wpforms-submit\" data-alt-text=\"Enviando...\" data-submit-text=\"Enviar\" aria-live=\"assertive\" value=\"wpforms-submit\">Enviar<\/button><img decoding=\"async\" src=\"https:\/\/integralesmura.cl\/sim2024\/wp-content\/plugins\/wpforms-lite\/assets\/images\/submit-spin.svg\" class=\"wpforms-submit-spinner\" style=\"display: none;\" width=\"26\" height=\"26\" alt=\"Loading\"><\/div><\/form><\/div>  <!-- .wpforms-container --><\/div>\n<\/div>\n<\/div>\n<\/div>\n\n<div class=\"wp-block-uagb-container uagb-block-43f78ea6 alignfull uagb-is-root-container\"><div class=\"uagb-container-inner-blocks-wrap\">\n<div class=\"wp-block-uagb-info-box uagb-block-52cbc377 uagb-infobox__content-wrap  uagb-infobox-icon-above-title uagb-infobox-image-valign-top\"><div class=\"uagb-ifb-content\"><div class=\"uagb-ifb-title-wrap\"><h2 class=\"uagb-ifb-title\">\u00danete a Nosotros<\/h2><\/div><p class=\"uagb-ifb-desc\">Cont\u00e1ctanos hoy para iniciar tu pr\u00f3ximo proyecto de construcci\u00f3n con la mejor empresa del norte de Chile.<\/p><\/div><\/div>\n\n\n\n<div class=\"wp-block-uagb-buttons uagb-buttons__outer-wrap uagb-btn__default-btn uagb-btn-tablet__default-btn uagb-btn-mobile__default-btn uagb-block-f4d2bfe9\"><div class=\"uagb-buttons__wrap uagb-buttons-layout-wrap \">\n<div class=\"wp-block-uagb-buttons-child uagb-buttons__outer-wrap uagb-block-1b3b52ed wp-block-button\"><div class=\"uagb-button__wrapper\"><a class=\"uagb-buttons-repeater wp-block-button__link\" aria-label=\"\" href=\"\/contact\/\" rel=\"follow noopener\" target=\"_self\"><div class=\"uagb-button__link\">Comenzar Ahora<\/div><\/a><\/div><\/div>\n<\/div><\/div>\n<\/div><\/div>\n\t\t\t\t\t\t\t\t<\/div>\n\t\t\t\t<\/div>\n\t\t\t\t\t<\/div>\n\t\t\t\t<\/div>\n\t\t<div class=\"elementor-element elementor-element-32b68b1 e-flex e-con-boxed e-con e-parent\" data-id=\"32b68b1\" data-element_type=\"container\" data-e-type=\"container\">\n\t\t\t\t\t<div class=\"e-con-inner\">\n\t\t\t\t<div class=\"elementor-element elementor-element-2abf0e7 elementor-widget elementor-widget-google_maps\" data-id=\"2abf0e7\" data-element_type=\"widget\" data-e-type=\"widget\" data-widget_type=\"google_maps.default\">\n\t\t\t\t<div class=\"elementor-widget-container\">\n\t\t\t\t\t\t\t<div class=\"elementor-custom-embed\">\n\t\t\t<iframe loading=\"lazy\"\n\t\t\t\t\tsrc=\"https:\/\/maps.google.com\/maps?q=Av.%20Pedro%20Aguirre%20Cerda%2011661%2C%201266913%20Antofagasta&#038;t=m&#038;z=16&#038;output=embed&#038;iwloc=near\"\n\t\t\t\t\ttitle=\"Av. Pedro Aguirre Cerda 11661, 1266913 Antofagasta\"\n\t\t\t\t\taria-label=\"Av. Pedro Aguirre Cerda 11661, 1266913 Antofagasta\"\n\t\t\t><\/iframe>\n\t\t<\/div>\n\t\t\t\t\t\t<\/div>\n\t\t\t\t<\/div>\n\t\t\t\t\t<\/div>\n\t\t\t\t<\/div>\n\t\t\t\t<\/div>\n\t\t","protected":false},"excerpt":{"rendered":"<p>Contacto Informaci\u00f3n de contacto \u00bfTienes preguntas sobre nuestros servicios o deseas ponerte en contacto con nosotros? Completa el siguiente formulario [&hellip;]<\/p>\n","protected":false},"author":1,"featured_media":0,"parent":0,"menu_order":0,"comment_status":"closed","ping_status":"closed","template":"","meta":{"_uag_custom_page_level_css":"","site-sidebar-layout":"default","site-content-layout":"","ast-site-content-layout":"default","site-content-style":"default","site-sidebar-style":"default","ast-global-header-display":"","ast-banner-title-visibility":"","ast-main-header-display":"","ast-hfb-above-header-display":"","ast-hfb-below-header-display":"","ast-hfb-mobile-header-display":"","site-post-title":"disabled","ast-breadcrumbs-content":"","ast-featured-img":"","footer-sml-layout":"","theme-transparent-header-meta":"","adv-header-id-meta":"","stick-header-meta":"","header-above-stick-meta":"","header-main-stick-meta":"","header-below-stick-meta":"","astra-migrate-meta-layouts":"set","ast-page-background-enabled":"default","ast-page-background-meta":{"desktop":{"background-color":"var(--ast-global-color-4)","background-image":"","background-repeat":"repeat","background-position":"center center","background-size":"auto","background-attachment":"scroll","background-type":"","background-media":"","overlay-type":"","overlay-color":"","overlay-opacity":"","overlay-gradient":""},"tablet":{"background-color":"","background-image":"","background-repeat":"repeat","background-position":"center center","background-size":"auto","background-attachment":"scroll","background-type":"","background-media":"","overlay-type":"","overlay-color":"","overlay-opacity":"","overlay-gradient":""},"mobile":{"background-color":"","background-image":"","background-repeat":"repeat","background-position":"center center","background-size":"auto","background-attachment":"scroll","background-type":"","background-media":"","overlay-type":"","overlay-color":"","overlay-opacity":"","overlay-gradient":""}},"ast-content-background-meta":{"desktop":{"background-color":"var(--ast-global-color-5)","background-image":"","background-repeat":"repeat","background-position":"center center","background-size":"auto","background-attachment":"scroll","background-type":"","background-media":"","overlay-type":"","overlay-color":"","overlay-opacity":"","overlay-gradient":""},"tablet":{"background-color":"var(--ast-global-color-5)","background-image":"","background-repeat":"repeat","background-position":"center center","background-size":"auto","background-attachment":"scroll","background-type":"","background-media":"","overlay-type":"","overlay-color":"","overlay-opacity":"","overlay-gradient":""},"mobile":{"background-color":"var(--ast-global-color-5)","background-image":"","background-repeat":"repeat","background-position":"center center","background-size":"auto","background-attachment":"scroll","background-type":"","background-media":"","overlay-type":"","overlay-color":"","overlay-opacity":"","overlay-gradient":""}},"footnotes":""},"class_list":["post-1334","page","type-page","status-publish","hentry"],"uagb_featured_image_src":{"full":false,"thumbnail":false,"medium":false,"medium_large":false,"large":false,"1536x1536":false,"2048x2048":false},"uagb_author_info":{"display_name":"admin","author_link":"https:\/\/integralesmura.cl\/sim2024\/author\/ivomuraq\/"},"uagb_comment_info":0,"uagb_excerpt":"Contacto Informaci\u00f3n de contacto \u00bfTienes preguntas sobre nuestros servicios o deseas ponerte en contacto con nosotros? Completa el siguiente formulario [&hellip;]","jetpack_sharing_enabled":true,"_links":{"self":[{"href":"https:\/\/integralesmura.cl\/sim2024\/wp-json\/wp\/v2\/pages\/1334","targetHints":{"allow":["GET"]}}],"collection":[{"href":"https:\/\/integralesmura.cl\/sim2024\/wp-json\/wp\/v2\/pages"}],"about":[{"href":"https:\/\/integralesmura.cl\/sim2024\/wp-json\/wp\/v2\/types\/page"}],"author":[{"embeddable":true,"href":"https:\/\/integralesmura.cl\/sim2024\/wp-json\/wp\/v2\/users\/1"}],"replies":[{"embeddable":true,"href":"https:\/\/integralesmura.cl\/sim2024\/wp-json\/wp\/v2\/comments?post=1334"}],"version-history":[{"count":6,"href":"https:\/\/integralesmura.cl\/sim2024\/wp-json\/wp\/v2\/pages\/1334\/revisions"}],"predecessor-version":[{"id":1417,"href":"https:\/\/integralesmura.cl\/sim2024\/wp-json\/wp\/v2\/pages\/1334\/revisions\/1417"}],"wp:attachment":[{"href":"https:\/\/integralesmura.cl\/sim2024\/wp-json\/wp\/v2\/media?parent=1334"}],"curies":[{"name":"wp","href":"https:\/\/api.w.org\/{rel}","templated":true}]}}